{"id":1470,"date":"2020-08-03T13:31:38","date_gmt":"2020-08-03T17:31:38","guid":{"rendered":"https:\/\/quartzcarpetcanada.ca\/contact-us\/"},"modified":"2021-02-17T11:17:31","modified_gmt":"2021-02-17T16:17:31","slug":"contact-us","status":"publish","type":"page","link":"https:\/\/quartzcarpetcanada.ca\/en\/contact-us\/","title":{"rendered":"Contact us"},"content":{"rendered":"\t\t<div data-elementor-type=\"wp-page\" data-elementor-id=\"1470\" class=\"elementor elementor-1470 elementor-465\">\n\t\t\t\t\t\t<section class=\"elementor-section elementor-top-section elementor-element elementor-element-94b0ee3 elementor-section-stretched elementor-section-boxed elementor-section-height-default elementor-section-height-default\" data-id=\"94b0ee3\" data-element_type=\"section\" data-e-type=\"section\" data-settings=\"{&quot;stretch_section&quot;:&quot;section-stretched&quot;}\">\n\t\t\t\t\t\t<div class=\"elementor-container elementor-column-gap-default\">\n\t\t\t\t\t<div class=\"elementor-column elementor-col-100 elementor-top-column elementor-element elementor-element-9999705\" data-id=\"9999705\" data-element_type=\"column\" data-e-type=\"column\">\n\t\t\t<div class=\"elementor-widget-wrap elementor-element-populated\">\n\t\t\t\t\t\t<div class=\"elementor-element elementor-element-e510feb elementor-widget elementor-widget-heading\" data-id=\"e510feb\" data-element_type=\"widget\" data-e-type=\"widget\" data-widget_type=\"heading.default\">\n\t\t\t\t<div class=\"elementor-widget-container\">\n\t\t\t\t\t<h2 class=\"elementor-heading-title elementor-size-default\">Head office<\/h2>\t\t\t\t<\/div>\n\t\t\t\t<\/div>\n\t\t\t\t<section class=\"elementor-section elementor-inner-section elementor-element elementor-element-b69560e elementor-section-boxed elementor-section-height-default elementor-section-height-default\" data-id=\"b69560e\" data-element_type=\"section\" data-e-type=\"section\">\n\t\t\t\t\t\t<div class=\"elementor-container elementor-column-gap-wide\">\n\t\t\t\t\t<div class=\"elementor-column elementor-col-25 elementor-inner-column elementor-element elementor-element-4d098de\" data-id=\"4d098de\" data-element_type=\"column\" data-e-type=\"column\">\n\t\t\t<div class=\"elementor-widget-wrap elementor-element-populated\">\n\t\t\t\t\t\t<div class=\"elementor-element elementor-element-9d93a89 contactboxes elementor-position-top elementor-widget elementor-widget-image-box\" data-id=\"9d93a89\" data-element_type=\"widget\" data-e-type=\"widget\" data-widget_type=\"image-box.default\">\n\t\t\t\t<div class=\"elementor-widget-container\">\n\t\t\t\t\t<div class=\"elementor-image-box-wrapper\"><figure class=\"elementor-image-box-img\"><a href=\"tel:4509551445\" tabindex=\"-1\"><img decoding=\"async\" width=\"43\" height=\"43\" src=\"https:\/\/quartzcarpetcanada.ca\/wp-content\/uploads\/2020\/05\/icon_phone.png\" class=\"attachment-full size-full wp-image-821\" alt=\"\" \/><\/a><\/figure><div class=\"elementor-image-box-content\"><h3 class=\"elementor-image-box-title\"><a href=\"tel:4509551445\">Call us<\/a><\/h3><p class=\"elementor-image-box-description\">450 955-1445<\/p><\/div><\/div>\t\t\t\t<\/div>\n\t\t\t\t<\/div>\n\t\t\t\t\t<\/div>\n\t\t<\/div>\n\t\t\t\t<div class=\"elementor-column elementor-col-25 elementor-inner-column elementor-element elementor-element-c603d24\" data-id=\"c603d24\" data-element_type=\"column\" data-e-type=\"column\">\n\t\t\t<div class=\"elementor-widget-wrap elementor-element-populated\">\n\t\t\t\t\t\t<div class=\"elementor-element elementor-element-cd49e0f contactboxes elementor-position-top elementor-widget elementor-widget-image-box\" data-id=\"cd49e0f\" data-element_type=\"widget\" data-e-type=\"widget\" data-widget_type=\"image-box.default\">\n\t\t\t\t<div class=\"elementor-widget-container\">\n\t\t\t\t\t<div class=\"elementor-image-box-wrapper\"><figure class=\"elementor-image-box-img\"><a href=\"mailto:info@quartzcarpetcanada.ca\" target=\"_blank\" tabindex=\"-1\"><img decoding=\"async\" width=\"47\" height=\"35\" src=\"https:\/\/quartzcarpetcanada.ca\/wp-content\/uploads\/2020\/05\/icon_mail.png\" class=\"attachment-full size-full wp-image-819\" alt=\"\" \/><\/a><\/figure><div class=\"elementor-image-box-content\"><h3 class=\"elementor-image-box-title\"><a href=\"mailto:info@quartzcarpetcanada.ca\" target=\"_blank\">Email<\/a><\/h3><p class=\"elementor-image-box-description\"><a href=\"mailto:info@quartzcarpetcanada.ca\">info@quartzcarpetcanada.ca<\/a><\/p><\/div><\/div>\t\t\t\t<\/div>\n\t\t\t\t<\/div>\n\t\t\t\t\t<\/div>\n\t\t<\/div>\n\t\t\t\t<div class=\"elementor-column elementor-col-25 elementor-inner-column elementor-element elementor-element-42e8a75\" data-id=\"42e8a75\" data-element_type=\"column\" data-e-type=\"column\">\n\t\t\t<div class=\"elementor-widget-wrap elementor-element-populated\">\n\t\t\t\t\t\t<div class=\"elementor-element elementor-element-22300a9 contactboxes elementor-position-top elementor-widget elementor-widget-image-box\" data-id=\"22300a9\" data-element_type=\"widget\" data-e-type=\"widget\" data-widget_type=\"image-box.default\">\n\t\t\t\t<div class=\"elementor-widget-container\">\n\t\t\t\t\t<div class=\"elementor-image-box-wrapper\"><figure class=\"elementor-image-box-img\"><img decoding=\"async\" width=\"36\" height=\"47\" src=\"https:\/\/quartzcarpetcanada.ca\/wp-content\/uploads\/2020\/05\/icon_pin.png\" class=\"attachment-full size-full wp-image-823\" alt=\"\" \/><\/figure><div class=\"elementor-image-box-content\"><h3 class=\"elementor-image-box-title\"><b>COME SEE US<\/b><\/h3><p class=\"elementor-image-box-description\">9930, boulevard Bourque<br \/>suite 201<br \/>Sherbrooke, QC  J1N 0G2<\/p><\/div><\/div>\t\t\t\t<\/div>\n\t\t\t\t<\/div>\n\t\t\t\t\t<\/div>\n\t\t<\/div>\n\t\t\t\t<div class=\"elementor-column elementor-col-25 elementor-inner-column elementor-element elementor-element-0621bfb\" data-id=\"0621bfb\" data-element_type=\"column\" data-e-type=\"column\">\n\t\t\t<div class=\"elementor-widget-wrap elementor-element-populated\">\n\t\t\t\t\t\t<div class=\"elementor-element elementor-element-0514973 contactboxes elementor-position-top elementor-widget elementor-widget-image-box\" data-id=\"0514973\" data-element_type=\"widget\" data-e-type=\"widget\" data-widget_type=\"image-box.default\">\n\t\t\t\t<div class=\"elementor-widget-container\">\n\t\t\t\t\t<div class=\"elementor-image-box-wrapper\"><figure class=\"elementor-image-box-img\"><img loading=\"lazy\" decoding=\"async\" width=\"46\" height=\"45\" src=\"https:\/\/quartzcarpetcanada.ca\/wp-content\/uploads\/2020\/05\/icon_time.png\" class=\"attachment-full size-full wp-image-817\" alt=\"\" \/><\/figure><div class=\"elementor-image-box-content\"><h3 class=\"elementor-image-box-title\">Call us<\/h3><p class=\"elementor-image-box-description\"><b>Monday to Wednesday<\/b> : 9:00 AM to 5:00 PM<br><b>Thursday to Friday<\/b> : 10:00 AM to 8:00 PM<br><b>Saturday<\/b> : 10:00 AM to 5:00 PM<br><b>Sunday<\/b> : Closed<\/p><\/div><\/div>\t\t\t\t<\/div>\n\t\t\t\t<\/div>\n\t\t\t\t\t<\/div>\n\t\t<\/div>\n\t\t\t\t\t<\/div>\n\t\t<\/section>\n\t\t\t\t\t<\/div>\n\t\t<\/div>\n\t\t\t\t\t<\/div>\n\t\t<\/section>\n\t\t\t\t<section class=\"elementor-section elementor-top-section elementor-element elementor-element-6f11687 elementor-section-stretched elementor-section-boxed elementor-section-height-default elementor-section-height-default\" data-id=\"6f11687\" data-element_type=\"section\" data-e-type=\"section\" data-settings=\"{&quot;stretch_section&quot;:&quot;section-stretched&quot;,&quot;background_background&quot;:&quot;classic&quot;}\">\n\t\t\t\t\t\t<div class=\"elementor-container elementor-column-gap-wider\">\n\t\t\t\t\t<div class=\"elementor-column elementor-col-100 elementor-top-column elementor-element elementor-element-8f95159\" data-id=\"8f95159\" data-element_type=\"column\" data-e-type=\"column\">\n\t\t\t<div class=\"elementor-widget-wrap elementor-element-populated\">\n\t\t\t\t\t\t<section class=\"elementor-section elementor-inner-section elementor-element elementor-element-4610da6 elementor-section-boxed elementor-section-height-default elementor-section-height-default\" data-id=\"4610da6\" data-element_type=\"section\" data-e-type=\"section\">\n\t\t\t\t\t\t<div class=\"elementor-container elementor-column-gap-default\">\n\t\t\t\t\t<div class=\"elementor-column elementor-col-50 elementor-inner-column elementor-element elementor-element-8077d55\" data-id=\"8077d55\" data-element_type=\"column\" data-e-type=\"column\">\n\t\t\t<div class=\"elementor-widget-wrap elementor-element-populated\">\n\t\t\t\t\t\t<div class=\"elementor-element elementor-element-ef1bc3b elementor-widget elementor-widget-heading\" data-id=\"ef1bc3b\" data-element_type=\"widget\" data-e-type=\"widget\" data-widget_type=\"heading.default\">\n\t\t\t\t<div class=\"elementor-widget-container\">\n\t\t\t\t\t<h2 class=\"elementor-heading-title elementor-size-default\">Where to find us<\/h2>\t\t\t\t<\/div>\n\t\t\t\t<\/div>\n\t\t\t\t<div class=\"elementor-element elementor-element-022bc01 elementor-widget elementor-widget-google_maps\" data-id=\"022bc01\" data-element_type=\"widget\" data-e-type=\"widget\" data-widget_type=\"google_maps.default\">\n\t\t\t\t<div class=\"elementor-widget-container\">\n\t\t\t\t\t\t\t<div class=\"elementor-custom-embed\">\n\t\t\t<iframe loading=\"lazy\"\n\t\t\t\t\tsrc=\"https:\/\/maps.google.com\/maps?q=9930%2C%20boulevard%20Bourque%2C%20suite%20201%20Sherbrooke%2C%20Qu%C3%A9bec%20%20J1N%200G2&#038;t=m&#038;z=15&#038;output=embed&#038;iwloc=near\"\n\t\t\t\t\ttitle=\"9930, boulevard Bourque, suite 201 Sherbrooke, Qu\u00e9bec  J1N 0G2\"\n\t\t\t\t\taria-label=\"9930, boulevard Bourque, suite 201 Sherbrooke, Qu\u00e9bec  J1N 0G2\"\n\t\t\t><\/iframe>\n\t\t<\/div>\n\t\t\t\t\t\t<\/div>\n\t\t\t\t<\/div>\n\t\t\t\t\t<\/div>\n\t\t<\/div>\n\t\t\t\t<div class=\"elementor-column elementor-col-50 elementor-inner-column elementor-element elementor-element-003edd2\" data-id=\"003edd2\" data-element_type=\"column\" data-e-type=\"column\">\n\t\t\t<div class=\"elementor-widget-wrap elementor-element-populated\">\n\t\t\t\t\t\t<div class=\"elementor-element elementor-element-e92f553 elementor-widget elementor-widget-heading\" data-id=\"e92f553\" data-element_type=\"widget\" data-e-type=\"widget\" data-widget_type=\"heading.default\">\n\t\t\t\t<div class=\"elementor-widget-container\">\n\t\t\t\t\t<h2 class=\"elementor-heading-title elementor-size-default\">Get in touch<\/h2>\t\t\t\t<\/div>\n\t\t\t\t<\/div>\n\t\t\t\t<div class=\"elementor-element elementor-element-0416acd elementor-widget elementor-widget-htmega-contactform-addons\" data-id=\"0416acd\" data-element_type=\"widget\" data-e-type=\"widget\" data-widget_type=\"htmega-contactform-addons.default\">\n\t\t\t\t<div class=\"elementor-widget-container\">\n\t\t\t\t\t            <div class=\"htmega-form-wrapper sid0416acd htmega-form-style-2\" >\n                \n<div class=\"wpcf7 no-js\" id=\"wpcf7-f843-o1\" lang=\"fr-FR\" dir=\"ltr\" data-wpcf7-id=\"843\">\n<div class=\"screen-reader-response\"><p role=\"status\" aria-live=\"polite\" aria-atomic=\"true\"><\/p> <ul><\/ul><\/div>\n<form action=\"\/en\/wp-json\/wp\/v2\/pages\/1470#wpcf7-f843-o1\" method=\"post\" class=\"wpcf7-form init\" aria-label=\"Formulaire de contact\" novalidate=\"novalidate\" data-status=\"init\">\n<fieldset class=\"hidden-fields-container\"><input type=\"hidden\" name=\"_wpcf7\" value=\"843\" \/><input type=\"hidden\" name=\"_wpcf7_version\" value=\"6.1.5\" \/><input type=\"hidden\" name=\"_wpcf7_locale\" value=\"fr_FR\" \/><input type=\"hidden\" name=\"_wpcf7_unit_tag\" value=\"wpcf7-f843-o1\" \/><input type=\"hidden\" name=\"_wpcf7_container_post\" value=\"0\" \/><input type=\"hidden\" name=\"_wpcf7_posted_data_hash\" value=\"\" \/>\n<\/fieldset>\n<div class=\"col-md-12\">\n\t<p><span class=\"wpcf7-form-control-wrap\" data-name=\"your-firstname\"><input size=\"40\" maxlength=\"400\" class=\"wpcf7-form-control wpcf7-text wpcf7-validates-as-required\" aria-required=\"true\" aria-invalid=\"false\" placeholder=\"Pr\u00e9nom*\" value=\"\" type=\"text\" name=\"your-firstname\" \/><\/span>\n\t<\/p>\n<\/div>\n<div class=\"col-md-12\">\n\t<p><span class=\"wpcf7-form-control-wrap\" data-name=\"your-lastname\"><input size=\"40\" maxlength=\"400\" class=\"wpcf7-form-control wpcf7-text wpcf7-validates-as-required\" aria-required=\"true\" aria-invalid=\"false\" placeholder=\"Nom*\" value=\"\" type=\"text\" name=\"your-lastname\" \/><\/span>\n\t<\/p>\n<\/div>\n<div class=\"col-md-12\">\n\t<p><span class=\"wpcf7-form-control-wrap\" data-name=\"your-courriel\"><input size=\"40\" maxlength=\"400\" class=\"wpcf7-form-control wpcf7-email wpcf7-validates-as-required wpcf7-text wpcf7-validates-as-email\" aria-required=\"true\" aria-invalid=\"false\" placeholder=\"Courriel*\" value=\"\" type=\"email\" name=\"your-courriel\" \/><\/span>\n\t<\/p>\n<\/div>\n<div class=\"col-md-12\">\n\t<p><span class=\"wpcf7-form-control-wrap\" data-name=\"tel-864\"><input size=\"40\" maxlength=\"400\" class=\"wpcf7-form-control wpcf7-tel wpcf7-validates-as-required wpcf7-text wpcf7-validates-as-tel\" aria-required=\"true\" aria-invalid=\"false\" placeholder=\"Num\u00e9ro de t\u00e9l\u00e9phone*\" value=\"\" type=\"tel\" name=\"tel-864\" \/><\/span>\n\t<\/p>\n<\/div>\n<div class=\"col-md-12\">\n\t<p><span class=\"wpcf7-form-control-wrap\" data-name=\"your-town\"><input size=\"40\" maxlength=\"400\" class=\"wpcf7-form-control wpcf7-text wpcf7-validates-as-required\" aria-required=\"true\" aria-invalid=\"false\" placeholder=\"Ville*\" value=\"\" type=\"text\" name=\"your-town\" \/><\/span>\n\t<\/p>\n<\/div>\n<div class=\"col-md-12\">\n\t<p><span class=\"wpcf7-form-control-wrap\" data-name=\"textarea-22\"><textarea cols=\"40\" rows=\"10\" maxlength=\"2000\" class=\"wpcf7-form-control wpcf7-textarea\" aria-invalid=\"false\" placeholder=\"Message\" name=\"textarea-22\"><\/textarea><\/span>\n\t<\/p>\n<\/div>\n<div class=\"col-md-12\">\n\t<p><input class=\"wpcf7-form-control wpcf7-submit has-spinner\" type=\"submit\" value=\"Envoyer\" \/>\n\t<\/p>\n<\/div><div class=\"wpcf7-response-output\" aria-hidden=\"true\"><\/div>\n<\/form>\n<\/div>\n            <\/div>\n\n\n        \t\t\t\t<\/div>\n\t\t\t\t<\/div>\n\t\t\t\t\t<\/div>\n\t\t<\/div>\n\t\t\t\t\t<\/div>\n\t\t<\/section>\n\t\t\t\t\t<\/div>\n\t\t<\/div>\n\t\t\t\t\t<\/div>\n\t\t<\/section>\n\t\t\t\t<section class=\"elementor-section elementor-top-section elementor-element elementor-element-a408b97 elementor-section-stretched elementor-section-height-min-height elementor-section-content-middle elementor-section-boxed elementor-section-height-default elementor-section-items-middle\" data-id=\"a408b97\" data-element_type=\"section\" data-e-type=\"section\" data-settings=\"{&quot;stretch_section&quot;:&quot;section-stretched&quot;,&quot;background_background&quot;:&quot;classic&quot;}\">\n\t\t\t\t\t\t\t<div class=\"elementor-background-overlay\"><\/div>\n\t\t\t\t\t\t\t<div class=\"elementor-container elementor-column-gap-default\">\n\t\t\t\t\t<div class=\"elementor-column elementor-col-100 elementor-top-column elementor-element elementor-element-0bb5f0b\" data-id=\"0bb5f0b\" data-element_type=\"column\" data-e-type=\"column\">\n\t\t\t<div class=\"elementor-widget-wrap elementor-element-populated\">\n\t\t\t\t\t\t<div class=\"elementor-element elementor-element-200ceee box_realisationaccueil elementor-widget elementor-widget-text-editor\" data-id=\"200ceee\" data-element_type=\"widget\" data-e-type=\"widget\" data-widget_type=\"text-editor.default\">\n\t\t\t\t<div class=\"elementor-widget-container\">\n\t\t\t\t\t\t\t\t\t<h4>Trouvez un<\/h4>\n<h2><strong>INSTALLATEUR CERTIFI\u00c9<\/strong><\/h2>\n\t\t\t\t\t\t\t\t<\/div>\n\t\t\t\t<\/div>\n\t\t\t\t<div class=\"elementor-element elementor-element-f90c5d9 elementor-widget elementor-widget-image\" data-id=\"f90c5d9\" data-element_type=\"widget\" data-e-type=\"widget\" data-widget_type=\"image.default\">\n\t\t\t\t<div class=\"elementor-widget-container\">\n\t\t\t\t\t\t\t\t\t\t\t\t\t\t\t\t<a href=\"https:\/\/quartzcarpetcanada.ca\/en\/find-a-franchisee\/\">\n\t\t\t\t\t\t\t<img decoding=\"async\" src=\"https:\/\/quartzcarpetcanada.ca\/wp-content\/uploads\/elementor\/thumbs\/btnmore_normal-2-rina5zzi56ezl88h9fnud4bs8yizkarboekrk6sh62.png\" title=\"btnmore_normal\" alt=\"btnmore_normal\" loading=\"lazy\" \/>\t\t\t\t\t\t\t\t<\/a>\n\t\t\t\t\t\t\t\t\t\t\t\t\t\t\t<\/div>\n\t\t\t\t<\/div>\n\t\t\t\t\t<\/div>\n\t\t<\/div>\n\t\t\t\t\t<\/div>\n\t\t<\/section>\n\t\t\t\t<\/div>\n\t\t","protected":false},"excerpt":{"rendered":"<p>Head office Call us 450 955-1445 Email info@quartzcarpetcanada.ca COME SEE US 9930, boulevard Bourquesuite 201Sherbrooke, QC J1N 0G2 Call us Monday to Wednesday : 9:00 AM to 5:00 PMThursday to Friday : 10:00 &hellip;<\/p>\n","protected":false},"author":1,"featured_media":0,"parent":0,"menu_order":0,"comment_status":"closed","ping_status":"closed","template":"","meta":{"footnotes":""},"class_list":["post-1470","page","type-page","status-publish","hentry"],"yoast_head":"<!-- This site is optimized with the Yoast SEO plugin v26.9 - https:\/\/yoast.com\/product\/yoast-seo-wordpress\/ -->\n<title>Nous joindre | Quartz Carpet Canada | Produit de rev\u00eatement de surface<\/title>\n<meta name=\"description\" content=\"Vous voulez nous faire part d&#039;un projet de rev\u00eatement de surface? Notre produit de quartz vous int\u00e9resse? Vous aimeriez devenir un installateur certifi\u00e9? Contactez-nous!\" \/>\n<meta name=\"robots\" content=\"index, follow, max-snippet:-1, max-image-preview:large, max-video-preview:-1\" \/>\n<link rel=\"canonical\" href=\"https:\/\/quartzcarpetcanada.ca\/en\/contact-us\/\" \/>\n<meta property=\"og:locale\" content=\"en_US\" \/>\n<meta property=\"og:type\" content=\"article\" \/>\n<meta property=\"og:title\" content=\"Nous joindre | Quartz Carpet Canada | Produit de rev\u00eatement de surface\" \/>\n<meta property=\"og:description\" content=\"Vous voulez nous faire part d&#039;un projet de rev\u00eatement de surface? Notre produit de quartz vous int\u00e9resse? Vous aimeriez devenir un installateur certifi\u00e9? Contactez-nous!\" \/>\n<meta property=\"og:url\" content=\"https:\/\/quartzcarpetcanada.ca\/en\/contact-us\/\" \/>\n<meta property=\"og:site_name\" content=\"Quartz Carpet Canada\" \/>\n<meta property=\"article:publisher\" content=\"https:\/\/www.facebook.com\/QuartzCarpetCanada\" \/>\n<meta property=\"article:modified_time\" content=\"2021-02-17T16:17:31+00:00\" \/>\n<meta property=\"og:image\" content=\"https:\/\/quartzcarpetcanada.ca\/wp-content\/uploads\/2020\/05\/icon_phone.png\" \/>\n<meta name=\"twitter:card\" content=\"summary_large_image\" \/>\n<script type=\"application\/ld+json\" class=\"yoast-schema-graph\">{\"@context\":\"https:\/\/schema.org\",\"@graph\":[{\"@type\":\"WebPage\",\"@id\":\"https:\/\/quartzcarpetcanada.ca\/en\/contact-us\/\",\"url\":\"https:\/\/quartzcarpetcanada.ca\/en\/contact-us\/\",\"name\":\"Nous joindre | Quartz Carpet Canada | Produit de rev\u00eatement de surface\",\"isPartOf\":{\"@id\":\"https:\/\/quartzcarpetcanada.ca\/#website\"},\"primaryImageOfPage\":{\"@id\":\"https:\/\/quartzcarpetcanada.ca\/en\/contact-us\/#primaryimage\"},\"image\":{\"@id\":\"https:\/\/quartzcarpetcanada.ca\/en\/contact-us\/#primaryimage\"},\"thumbnailUrl\":\"https:\/\/quartzcarpetcanada.ca\/wp-content\/uploads\/2020\/05\/icon_phone.png\",\"datePublished\":\"2020-08-03T17:31:38+00:00\",\"dateModified\":\"2021-02-17T16:17:31+00:00\",\"description\":\"Vous voulez nous faire part d'un projet de rev\u00eatement de surface? Notre produit de quartz vous int\u00e9resse? Vous aimeriez devenir un installateur certifi\u00e9? Contactez-nous!\",\"breadcrumb\":{\"@id\":\"https:\/\/quartzcarpetcanada.ca\/en\/contact-us\/#breadcrumb\"},\"inLanguage\":\"en-US\",\"potentialAction\":[{\"@type\":\"ReadAction\",\"target\":[\"https:\/\/quartzcarpetcanada.ca\/en\/contact-us\/\"]}]},{\"@type\":\"ImageObject\",\"inLanguage\":\"en-US\",\"@id\":\"https:\/\/quartzcarpetcanada.ca\/en\/contact-us\/#primaryimage\",\"url\":\"https:\/\/quartzcarpetcanada.ca\/wp-content\/uploads\/2020\/05\/icon_phone.png\",\"contentUrl\":\"https:\/\/quartzcarpetcanada.ca\/wp-content\/uploads\/2020\/05\/icon_phone.png\"},{\"@type\":\"BreadcrumbList\",\"@id\":\"https:\/\/quartzcarpetcanada.ca\/en\/contact-us\/#breadcrumb\",\"itemListElement\":[{\"@type\":\"ListItem\",\"position\":1,\"name\":\"Accueil\",\"item\":\"https:\/\/quartzcarpetcanada.ca\/en\/\"},{\"@type\":\"ListItem\",\"position\":2,\"name\":\"Contact us\"}]},{\"@type\":\"WebSite\",\"@id\":\"https:\/\/quartzcarpetcanada.ca\/#website\",\"url\":\"https:\/\/quartzcarpetcanada.ca\/\",\"name\":\"Quartz Carpet Canada\",\"description\":\"Le bon produit de surface au bon endroit!\",\"publisher\":{\"@id\":\"https:\/\/quartzcarpetcanada.ca\/#organization\"},\"potentialAction\":[{\"@type\":\"SearchAction\",\"target\":{\"@type\":\"EntryPoint\",\"urlTemplate\":\"https:\/\/quartzcarpetcanada.ca\/?s={search_term_string}\"},\"query-input\":{\"@type\":\"PropertyValueSpecification\",\"valueRequired\":true,\"valueName\":\"search_term_string\"}}],\"inLanguage\":\"en-US\"},{\"@type\":\"Organization\",\"@id\":\"https:\/\/quartzcarpetcanada.ca\/#organization\",\"name\":\"Les Surfaces PolyPlay Inc.\",\"url\":\"https:\/\/quartzcarpetcanada.ca\/\",\"logo\":{\"@type\":\"ImageObject\",\"inLanguage\":\"en-US\",\"@id\":\"https:\/\/quartzcarpetcanada.ca\/#\/schema\/logo\/image\/\",\"url\":\"\",\"contentUrl\":\"\",\"caption\":\"Les Surfaces PolyPlay Inc.\"},\"image\":{\"@id\":\"https:\/\/quartzcarpetcanada.ca\/#\/schema\/logo\/image\/\"},\"sameAs\":[\"https:\/\/www.facebook.com\/QuartzCarpetCanada\",\"https:\/\/www.instagram.com\/quartzcarpetcanada\/\"]}]}<\/script>\n<!-- \/ Yoast SEO plugin. -->","yoast_head_json":{"title":"Nous joindre | Quartz Carpet Canada | Produit de rev\u00eatement de surface","description":"Vous voulez nous faire part d'un projet de rev\u00eatement de surface? Notre produit de quartz vous int\u00e9resse? Vous aimeriez devenir un installateur certifi\u00e9? Contactez-nous!","robots":{"index":"index","follow":"follow","max-snippet":"max-snippet:-1","max-image-preview":"max-image-preview:large","max-video-preview":"max-video-preview:-1"},"canonical":"https:\/\/quartzcarpetcanada.ca\/en\/contact-us\/","og_locale":"en_US","og_type":"article","og_title":"Nous joindre | Quartz Carpet Canada | Produit de rev\u00eatement de surface","og_description":"Vous voulez nous faire part d'un projet de rev\u00eatement de surface? Notre produit de quartz vous int\u00e9resse? Vous aimeriez devenir un installateur certifi\u00e9? Contactez-nous!","og_url":"https:\/\/quartzcarpetcanada.ca\/en\/contact-us\/","og_site_name":"Quartz Carpet Canada","article_publisher":"https:\/\/www.facebook.com\/QuartzCarpetCanada","article_modified_time":"2021-02-17T16:17:31+00:00","og_image":[{"url":"https:\/\/quartzcarpetcanada.ca\/wp-content\/uploads\/2020\/05\/icon_phone.png","type":"","width":"","height":""}],"twitter_card":"summary_large_image","schema":{"@context":"https:\/\/schema.org","@graph":[{"@type":"WebPage","@id":"https:\/\/quartzcarpetcanada.ca\/en\/contact-us\/","url":"https:\/\/quartzcarpetcanada.ca\/en\/contact-us\/","name":"Nous joindre | Quartz Carpet Canada | Produit de rev\u00eatement de surface","isPartOf":{"@id":"https:\/\/quartzcarpetcanada.ca\/#website"},"primaryImageOfPage":{"@id":"https:\/\/quartzcarpetcanada.ca\/en\/contact-us\/#primaryimage"},"image":{"@id":"https:\/\/quartzcarpetcanada.ca\/en\/contact-us\/#primaryimage"},"thumbnailUrl":"https:\/\/quartzcarpetcanada.ca\/wp-content\/uploads\/2020\/05\/icon_phone.png","datePublished":"2020-08-03T17:31:38+00:00","dateModified":"2021-02-17T16:17:31+00:00","description":"Vous voulez nous faire part d'un projet de rev\u00eatement de surface? Notre produit de quartz vous int\u00e9resse? Vous aimeriez devenir un installateur certifi\u00e9? Contactez-nous!","breadcrumb":{"@id":"https:\/\/quartzcarpetcanada.ca\/en\/contact-us\/#breadcrumb"},"inLanguage":"en-US","potentialAction":[{"@type":"ReadAction","target":["https:\/\/quartzcarpetcanada.ca\/en\/contact-us\/"]}]},{"@type":"ImageObject","inLanguage":"en-US","@id":"https:\/\/quartzcarpetcanada.ca\/en\/contact-us\/#primaryimage","url":"https:\/\/quartzcarpetcanada.ca\/wp-content\/uploads\/2020\/05\/icon_phone.png","contentUrl":"https:\/\/quartzcarpetcanada.ca\/wp-content\/uploads\/2020\/05\/icon_phone.png"},{"@type":"BreadcrumbList","@id":"https:\/\/quartzcarpetcanada.ca\/en\/contact-us\/#breadcrumb","itemListElement":[{"@type":"ListItem","position":1,"name":"Accueil","item":"https:\/\/quartzcarpetcanada.ca\/en\/"},{"@type":"ListItem","position":2,"name":"Contact us"}]},{"@type":"WebSite","@id":"https:\/\/quartzcarpetcanada.ca\/#website","url":"https:\/\/quartzcarpetcanada.ca\/","name":"Quartz Carpet Canada","description":"Le bon produit de surface au bon endroit!","publisher":{"@id":"https:\/\/quartzcarpetcanada.ca\/#organization"},"potentialAction":[{"@type":"SearchAction","target":{"@type":"EntryPoint","urlTemplate":"https:\/\/quartzcarpetcanada.ca\/?s={search_term_string}"},"query-input":{"@type":"PropertyValueSpecification","valueRequired":true,"valueName":"search_term_string"}}],"inLanguage":"en-US"},{"@type":"Organization","@id":"https:\/\/quartzcarpetcanada.ca\/#organization","name":"Les Surfaces PolyPlay Inc.","url":"https:\/\/quartzcarpetcanada.ca\/","logo":{"@type":"ImageObject","inLanguage":"en-US","@id":"https:\/\/quartzcarpetcanada.ca\/#\/schema\/logo\/image\/","url":"","contentUrl":"","caption":"Les Surfaces PolyPlay Inc."},"image":{"@id":"https:\/\/quartzcarpetcanada.ca\/#\/schema\/logo\/image\/"},"sameAs":["https:\/\/www.facebook.com\/QuartzCarpetCanada","https:\/\/www.instagram.com\/quartzcarpetcanada\/"]}]}},"_links":{"self":[{"href":"https:\/\/quartzcarpetcanada.ca\/en\/wp-json\/wp\/v2\/pages\/1470","targetHints":{"allow":["GET"]}}],"collection":[{"href":"https:\/\/quartzcarpetcanada.ca\/en\/wp-json\/wp\/v2\/pages"}],"about":[{"href":"https:\/\/quartzcarpetcanada.ca\/en\/wp-json\/wp\/v2\/types\/page"}],"author":[{"embeddable":true,"href":"https:\/\/quartzcarpetcanada.ca\/en\/wp-json\/wp\/v2\/users\/1"}],"replies":[{"embeddable":true,"href":"https:\/\/quartzcarpetcanada.ca\/en\/wp-json\/wp\/v2\/comments?post=1470"}],"version-history":[{"count":3,"href":"https:\/\/quartzcarpetcanada.ca\/en\/wp-json\/wp\/v2\/pages\/1470\/revisions"}],"predecessor-version":[{"id":1911,"href":"https:\/\/quartzcarpetcanada.ca\/en\/wp-json\/wp\/v2\/pages\/1470\/revisions\/1911"}],"wp:attachment":[{"href":"https:\/\/quartzcarpetcanada.ca\/en\/wp-json\/wp\/v2\/media?parent=1470"}],"curies":[{"name":"wp","href":"https:\/\/api.w.org\/{rel}","templated":true}]}}